{"id":99,"date":"2021-06-22T17:10:27","date_gmt":"2021-06-22T14:10:27","guid":{"rendered":"http:\/\/lucid.lt\/?page_id=99"},"modified":"2021-06-23T14:56:12","modified_gmt":"2021-06-23T11:56:12","slug":"socialiniu-igudziu-lavinimas","status":"publish","type":"page","link":"https:\/\/lucid.lt\/?page_id=99","title":{"rendered":"Socialini\u0173 \u012fg\u016bd\u017ei\u0173 lavinimas"},"content":{"rendered":"\n<div class=\"wp-block-image\"><figure class=\"alignright size-large is-resized\"><img loading=\"lazy\" decoding=\"async\" src=\"http:\/\/lucid.lt\/wp-content\/uploads\/2021\/06\/charles-deluvio-rRWiVQzLm7k-unsplash58.jpg\" alt=\"\" class=\"wp-image-193\" width=\"301\" height=\"480\" srcset=\"https:\/\/lucid.lt\/wp-content\/uploads\/2021\/06\/charles-deluvio-rRWiVQzLm7k-unsplash58.jpg 601w, https:\/\/lucid.lt\/wp-content\/uploads\/2021\/06\/charles-deluvio-rRWiVQzLm7k-unsplash58-188x300.jpg 188w\" sizes=\"auto, (max-width: 301px) 100vw, 301px\" \/><\/figure><\/div>\n\n\n\n<p>Nors mes neabejotinai esame socialin\u0117s b\u016btyb\u0117s, kai kuriose socialin\u0117se situacijose mes nat\u016braliai pasijau\u010diame nejaukiai. Vie\u0161as kalb\u0117jimas yra puikus to pavyzdys. Prireikus kalb\u0117ti didesnei grupei \u017emoni\u0173, daugel\u012f i\u0161mu\u0161a \u0161altas prakaitas, \u0161irdis pradeda dau\u017eytis beproti\u0161ku ritmu, o mintys galvoje pradeda strigti. Kai kuriems vien nuo tokios minties jau pasidaro baisu!<\/p>\n\n\n\n<p>Arba kitas gyvenimi\u0161kas pavyzdys. \u012esivaizduokite, pamatote nuostabiai gra\u017ei\u0105 mergin\u0105 arba savo svajoni\u0173 vaikin\u0105. \u0160irdis nusirita \u012f kulnus, rankos pradeda prakaituoti ir virp\u0117ti, pilve \u201eskraid\u017eioti drugeliai\u201c\u2026 Siaubingai nor\u0117tum\u0117te u\u017ekalbinti, bet \u017einote, jog n\u0117 u\u017e k\u0105 to nesugeb\u0117tum\u0117te padaryti, nes pri\u0117j\u0119 pasimestum\u0117te ir ne\u017einotum\u0117te k\u0105 pasakyti, nebent vargais negalais i\u0161lementum\u0117te koki\u0105 neri\u0161li\u0105 ar iki banalumo nuvalkiot\u0105 fraz\u0119 ir paskui susig\u0117d\u0119 nor\u0117tum\u0117te sprukti kuo toliau\u2026<\/p>\n\n\n\n<p>S\u0105moningi sapnai \u2013 puiki erdv\u0117 m\u016bs\u0173 socialiniams \u012fg\u016bd\u017eiams lavinti! Laukia vie\u0161a kalba? Puiku \u2013 pasirepetuokite j\u0105 kelis kartus sapne! Susisodinkite piln\u0105 auditorij\u0105 savo sapn\u0173 persona\u017e\u0173 ir pasakykite savo kalb\u0105 jiems! Norite pralau\u017eti savo bendravimo \u012fg\u016bd\u017eius? U\u017ekalbinkite ir paflirtuokite su i\u0161vaizd\u017eiais vaikinais ar merginomis savo sapne! Juk visi sapn\u0173 persona\u017eai \u2013 tai m\u016bs\u0173 pa\u010di\u0173 vidin\u0117s asmenyb\u0117s dalys. Prie\u0161 juos mes galime nebijoti klysti ar net \u0161nek\u0117ti visi\u0161kas nes\u0105mon\u0117s \u2013 jeigu ir apsijuoksime tai tik prie\u0161 pat\u012f save ir niekas kitas to nepamatys! Tod\u0117l s\u0105moningi sapnai yra puiki erdv\u0117 socialiniams eksperimentams!<\/p>\n\n\n\n<p>Galiausiai netgi galime save i\u0161bandyti \u012fvairiose rol\u0117se \u2013 nueiti \u012f Seimo pos\u0117d\u012f ir pabandyti solid\u017eiai pasisakyti kokia nors tema ar papietauti su Anglijos karaliene ypatingoje aristokrati\u0161koje aplinkoje. O galb\u016bt kaip tik \u2013 atsiduoti b\u016bgn\u0173 garsams ir su kokia pusiau laukine Afrikos tautele patirti tranz\u0105 \u0161okant j\u0173 kok\u012f nors ypating\u0105 ritualin\u012f \u0161ok\u012f! S\u0105moninguose sapnuose mes galime i\u0161bandyti save \u012fvairiausiose socialin\u0117se situacijose ir taip i\u0161lavinti ne tik savo socialinius \u012fg\u016bd\u017eius, bet ir prapl\u0117sti savo pa\u010di\u0173 ribas!<\/p>\n\n\n\n<div style=\"height:10px\" aria-hidden=\"true\" class=\"wp-block-spacer\"><\/div>\n\n\n\n<hr class=\"wp-block-separator\"\/>\n\n\n\n<div class=\"wp-block-columns is-layout-flex wp-container-core-columns-is-layout-1 wp-block-columns-is-layout-flex\">\n<div class=\"wp-block-column is-layout-flow wp-block-column-is-layout-flow\" style=\"flex-basis:25%\">\n<figure class=\"wp-block-image size-large\"><img loading=\"lazy\" decoding=\"async\" width=\"220\" height=\"200\" src=\"http:\/\/lucid.lt\/wp-content\/uploads\/2021\/06\/mokslobarometras.png\" alt=\"\" class=\"wp-image-135\"\/><\/figure>\n<\/div>\n\n\n\n<div class=\"wp-block-column is-layout-flow wp-block-column-is-layout-flow\" style=\"flex-basis:66.66%\">\n<p><strong><span style=\"color:#984b43\" class=\"has-inline-color\">K\u0105 apie tai sako mokslas?<\/span><\/strong><\/p>\n\n\n\n<p><span style=\"color:#984b43\" class=\"has-inline-color\">Viena naujausi\u0173 \u0161iuolaikini\u0173 sapn\u0173 teorij\u0173 teigia, kad viena svarbiausi\u0173 sapn\u0173 funkcij\u0173 yra b\u016btent socialini\u0173 \u012fg\u016bd\u017ei\u0173 lavinimas <sup>[1]<\/sup>. Nors tiesiogini\u0173 studij\u0173 apie socialini\u0173 \u012fg\u016bd\u017ei\u0173 lavinim\u0105 s\u0105moninguose sapnuose n\u0117ra (skirtingai nuo <a href=\"http:\/\/lucid.lt\/?page_id=101\">fizini\u0173 \u012fg\u016bd\u017ei\u0173<\/a>), kit\u0173 tyrim\u0173 duomenys rodo, kad s\u0105moningi sapnuotojai ma\u017eiau jau\u010diasi vieni\u0161i<sup> [2]<\/sup>, labiau pasitiki savimi ir labiau geba myl\u0117ti kitus<sup>[3]<\/sup>.<\/span><\/p>\n<\/div>\n<\/div>\n\n\n\n<p class=\"has-small-font-size\">[1] Revonsuo, A., Tuominen, J., &amp; Valli, K. (2015). The avatars in the machine: Dreaming as a simulation of social reality. In T. Metzinger &amp; J. Windt (Eds.), <em>Open MIND:<\/em> 32(T). MIND Group. <a href=\"https:\/\/doi.org\/10.15502\/9783958570375\">https:\/\/doi.org\/10.15502\/9783958570375<\/a><\/p>\n\n\n\n<p class=\"has-small-font-size\">[2] Stumbrys, T. (in press). Dispelling the shadows of the lucid night: An exploration of potential adverse effects of lucid dreaming. <em>Psychology of Consciousness: Theory, Research, and Practice.<\/em> <a href=\"https:\/\/doi.org\/10.1037\/cns0000288\">https:\/\/doi.org\/10.1037\/cns0000288<\/a><\/p>\n\n\n\n<p class=\"has-small-font-size\">[3] Doll, E., Gittler, G., &amp; Holzinger, B. (2009). Dreaming, lucid dreaming and personality. <em>International Journal of Dream Research, 2<\/em>(2), 52\u201357. <a href=\"https:\/\/doi.org\/10.11588\/ijodr.2009.2.142\">https:\/\/doi.org\/10.11588\/ijodr.2009.2.142<\/a><\/p>\n","protected":false},"excerpt":{"rendered":"<p>Nors mes neabejotinai esame socialin\u0117s b\u016btyb\u0117s, kai kuriose socialin\u0117se situacijose mes nat\u016braliai pasijau\u010diame nejaukiai. Vie\u0161as kalb\u0117jimas yra puikus to pavyzdys. Prireikus kalb\u0117ti didesnei grupei \u017emoni\u0173, daugel\u012f i\u0161mu\u0161a \u0161altas prakaitas, \u0161irdis pradeda dau\u017eytis beproti\u0161ku ritmu, o mintys galvoje pradeda strigti. Kai kuriems vien nuo tokios minties jau pasidaro baisu! Arba kitas gyvenimi\u0161kas pavyzdys. \u012esivaizduokite, pamatote nuostabiai<br \/><a class=\"moretag\" href=\"https:\/\/lucid.lt\/?page_id=99\">+ Read More<\/a><\/p>\n","protected":false},"author":1,"featured_media":0,"parent":46,"menu_order":4,"comment_status":"closed","ping_status":"closed","template":"template_parts\/page-fullwidth_template.php","meta":{"footnotes":""},"class_list":["post-99","page","type-page","status-publish","hentry"],"_links":{"self":[{"href":"https:\/\/lucid.lt\/index.php?rest_route=\/wp\/v2\/pages\/99","targetHints":{"allow":["GET"]}}],"collection":[{"href":"https:\/\/lucid.lt\/index.php?rest_route=\/wp\/v2\/pages"}],"about":[{"href":"https:\/\/lucid.lt\/index.php?rest_route=\/wp\/v2\/types\/page"}],"author":[{"embeddable":true,"href":"https:\/\/lucid.lt\/index.php?rest_route=\/wp\/v2\/users\/1"}],"replies":[{"embeddable":true,"href":"https:\/\/lucid.lt\/index.php?rest_route=%2Fwp%2Fv2%2Fcomments&post=99"}],"version-history":[{"count":5,"href":"https:\/\/lucid.lt\/index.php?rest_route=\/wp\/v2\/pages\/99\/revisions"}],"predecessor-version":[{"id":196,"href":"https:\/\/lucid.lt\/index.php?rest_route=\/wp\/v2\/pages\/99\/revisions\/196"}],"up":[{"embeddable":true,"href":"https:\/\/lucid.lt\/index.php?rest_route=\/wp\/v2\/pages\/46"}],"wp:attachment":[{"href":"https:\/\/lucid.lt\/index.php?rest_route=%2Fwp%2Fv2%2Fmedia&parent=99"}],"curies":[{"name":"wp","href":"https:\/\/api.w.org\/{rel}","templated":true}]}}