{"id":97,"date":"2021-06-22T17:09:47","date_gmt":"2021-06-22T14:09:47","guid":{"rendered":"http:\/\/lucid.lt\/?page_id=97"},"modified":"2021-06-23T14:26:06","modified_gmt":"2021-06-23T11:26:06","slug":"kurybiskas-problemu-sprendimas","status":"publish","type":"page","link":"https:\/\/lucid.lt\/?page_id=97","title":{"rendered":"K\u016brybi\u0161kas problem\u0173 sprendimas"},"content":{"rendered":"\n<div class=\"wp-block-image\"><figure class=\"alignright size-large is-resized\"><img loading=\"lazy\" decoding=\"async\" src=\"http:\/\/lucid.lt\/wp-content\/uploads\/2021\/06\/ameen-fahmy-_gEKtyIbRSM-unsplash58.jpg\" alt=\"\" class=\"wp-image-184\" width=\"300\" height=\"480\" srcset=\"https:\/\/lucid.lt\/wp-content\/uploads\/2021\/06\/ameen-fahmy-_gEKtyIbRSM-unsplash58.jpg 499w, https:\/\/lucid.lt\/wp-content\/uploads\/2021\/06\/ameen-fahmy-_gEKtyIbRSM-unsplash58-187x300.jpg 187w\" sizes=\"auto, (max-width: 300px) 100vw, 300px\" \/><\/figure><\/div>\n\n\n\n<p>K\u016brybi\u0161kumas \u2013 neatsiejama sapn\u0173 dalis. Kiekvienas m\u016bs\u0173 sapnas yra nauja unikali m\u016bs\u0173 pa\u010di\u0173 s\u0105moningai ar pas\u0105moningai sukurta istorija. Bet tuo viskas nesibaigia! Istorija yra pilna pavyzd\u017ei\u0173, kaip sapnai \u012fkv\u0117p\u0117 mokslininkus, i\u0161rad\u0117jus, menininkus, ra\u0161ytojus naujiems atradimams.<\/p>\n\n\n\n<p>Turb\u016bt visi puikiai \u017einome istorij\u0105, jog \u017eymus rus\u0173 chemikas Dmitrijus Mendelejevas periodin\u0119 element\u0173 lentel\u0119 i\u0161vydo sapne. Kitam chemikui vokie\u010diui Friedrichui Kekule sapnas pad\u0117jo atrasti benzeno molekul\u0117s strukt\u016br\u0105, o dar vienas vokie\u010di\u0173 mokslininkas Otto Loewi i\u0161vyd\u0119s eksperimento id\u0117j\u0105 sapne, j\u0105 s\u0117kmingai atkartojo pabud\u0119s ir u\u017e tai netgi buvo apdovanotas Nobelio premija! Visiems puikiai \u017einomos siuvimo ma\u0161inos sprendim\u0105 Eliasas Howe taip pat i\u0161vydo sapne, o \u0161tai Asirijos tyrin\u0117tojas Hermannas Hilprechtas sapne sutiko asir\u0173 \u017eyn\u012f ir \u0161is jam pad\u0117jo i\u0161\u0161ifruoti sud\u0117tingus ra\u0161to simbolius, prie kuri\u0173 jis tuo metu dirbo.<\/p>\n\n\n\n<p>Toki\u0173 pavyzd\u017ei\u0173 yra pilna ne tik moksle! Angl\u0173 poetas Samuelis Tayloras Coleridge\u2018as poem\u0105 \u201eKubla Kahn\u201c suk\u016br\u0117 sapne, kaip kad ir Robert\u0105 Louis\u0105 Stevenson\u0105 sapnas \u012fkv\u0117p\u0117 para\u0161yti garsi\u0105j\u0105 \u201eNepaprast\u0105j\u0105 daktaro D\u017eekilo ir misterio Haido istorij\u0105\u201c. Arba ital\u0173 smuikininkas ir kompozitorius Giuseppe Tartini, kuris sapne i\u0161vydo velni\u0105 nuostabiai grojant\u012f smuiku, ir pabud\u0119s bandydamas tai atkartoti para\u0161\u0117 savo geriausi\u0105 darb\u0105 \u2013 velni\u0161k\u0105j\u0105 sonat\u0105. Galop bitlas Paulas McCartney visiems iki skausmo \u017einomos \u201eYesterday\u201c dainos melodij\u0105 taip pat i\u0161girdo sapne!<\/p>\n\n\n\n<p>S\u0105moningi sapnai gali b\u016bti nuostabus \u0161altinis m\u016bs\u0173 k\u016brybai ir problem\u0173 sprendimui. Sapne mes galime i\u0161bandyti \u012fvairiausius variantus ir \u012fvairiausias j\u0173 kombinacijas be joki\u0173 apribojim\u0173. M\u016bs\u0173 sapn\u0173 persona\u017eai taip pat gali b\u016bti puikus \u012fkv\u0117pimo \u0161altinis. Norite i\u0161spr\u0119sti koki\u0105 nors mokslin\u0119 problem\u0105? Pasikvieskite Albert\u0105 Ein\u0161tein\u0105 savo sapne ir paie\u0161kokite sprendimo kartu su juo! O gal Leonardo da Vin\u010di? Norite pagerinti savo krep\u0161inio technik\u0105? Pasikvieskite \u012f pagalb\u0105 Michael\u0105 Jordan\u0105 ar Arvyd\u0105 Sabon\u012f! Reikalingas \u012fkv\u0117pimas dvasiniuose dalykuose? Galb\u016bt jums pad\u0117s pokalbis su J\u0117zumi Kristumi ar Buda!<\/p>\n\n\n\n<p>M\u016bs\u0173 galimyb\u0117s ir sugeb\u0117jimai yra daug didesni, nei mes patys jas suvokiame. Yra kalbama, kad mes tepanaudojame vos 10% savo realaus potencialo. Sapnuose ribos tarp s\u0105mon\u0117s ir pas\u0105mon\u0117s prasitrina ir savo dispozicijoje mes turime prieig\u0105 prie vis\u0173 nei\u0161naudojam\u0173 savo vidini\u0173 k\u016brybos klod\u0173. Eikite, pa\u017einkite juos, kurkite, eksperimentuokite ir \u012fkv\u0117pkite save naujiems didingiems darbams!<\/p>\n\n\n\n<div style=\"height:10px\" aria-hidden=\"true\" class=\"wp-block-spacer\"><\/div>\n\n\n\n<hr class=\"wp-block-separator\"\/>\n\n\n\n<div class=\"wp-block-columns is-layout-flex wp-container-core-columns-is-layout-1 wp-block-columns-is-layout-flex\">\n<div class=\"wp-block-column is-layout-flow wp-block-column-is-layout-flow\" style=\"flex-basis:25%\">\n<figure class=\"wp-block-image size-large\"><img loading=\"lazy\" decoding=\"async\" width=\"220\" height=\"200\" src=\"http:\/\/lucid.lt\/wp-content\/uploads\/2021\/06\/mokslobarometras.png\" alt=\"\" class=\"wp-image-135\"\/><\/figure>\n<\/div>\n\n\n\n<div class=\"wp-block-column is-layout-flow wp-block-column-is-layout-flow\" style=\"flex-basis:66.66%\">\n<p><strong><span style=\"color:#984b43\" class=\"has-inline-color\">K\u0105 apie tai sako mokslas?<\/span><\/strong><\/p>\n\n\n\n<p><span style=\"color:#984b43\" class=\"has-inline-color\">S\u0105moningi sapnuotojai yra k\u016brybi\u0161kesni u\u017e taip nesapnuojan\u010dius <sup>[1]<\/sup>. Kiti persona\u017eai s\u0105moningame sapne gali pad\u0117ti sapnuotojui su k\u016brybi\u0161ku problem\u0173 sprendimu, ypa\u010d jeigu tai yra labiau k\u016brybin\u0117s nei login\u0117s u\u017eduotys <sup>[2]<\/sup>.<\/span><\/p>\n<\/div>\n<\/div>\n\n\n\n<p class=\"has-small-font-size\">[1] Stumbrys, T., &amp; Daunyt\u0117, V. (2018). Visiting the land of dream muses: The relationship between lucid dreaming and creativity. <em>International Journal of Dream Research, 11<\/em>(2), 207\u2013212. <a href=\"https:\/\/doi.org\/10.11588\/ijodr.2018.2.48667\">https:\/\/doi.org\/10.11588\/ijodr.2018.2.48667<\/a><\/p>\n\n\n\n<p class=\"has-small-font-size\">[2] Stumbrys, T., &amp; Daniels, M. (2010). An exploratory study of creative problem solving in lucid dreams: Preliminary findings and methodological considerations. <em>International Journal of Dream Research, 3<\/em>(2), 121\u2013129. <a href=\"https:\/\/doi.org\/10.11588\/ijodr.2010.2.6167\">https:\/\/doi.org\/10.11588\/ijodr.2010.2.6167<\/a><\/p>\n","protected":false},"excerpt":{"rendered":"<p>K\u016brybi\u0161kumas \u2013 neatsiejama sapn\u0173 dalis. Kiekvienas m\u016bs\u0173 sapnas yra nauja unikali m\u016bs\u0173 pa\u010di\u0173 s\u0105moningai ar pas\u0105moningai sukurta istorija. Bet tuo viskas nesibaigia! Istorija yra pilna pavyzd\u017ei\u0173, kaip sapnai \u012fkv\u0117p\u0117 mokslininkus, i\u0161rad\u0117jus, menininkus, ra\u0161ytojus naujiems atradimams. Turb\u016bt visi puikiai \u017einome istorij\u0105, jog \u017eymus rus\u0173 chemikas Dmitrijus Mendelejevas periodin\u0119 element\u0173 lentel\u0119 i\u0161vydo sapne. Kitam chemikui vokie\u010diui Friedrichui<br \/><a class=\"moretag\" href=\"https:\/\/lucid.lt\/?page_id=97\">+ Read More<\/a><\/p>\n","protected":false},"author":1,"featured_media":0,"parent":46,"menu_order":3,"comment_status":"closed","ping_status":"closed","template":"template_parts\/page-fullwidth_template.php","meta":{"footnotes":""},"class_list":["post-97","page","type-page","status-publish","hentry"],"_links":{"self":[{"href":"https:\/\/lucid.lt\/index.php?rest_route=\/wp\/v2\/pages\/97","targetHints":{"allow":["GET"]}}],"collection":[{"href":"https:\/\/lucid.lt\/index.php?rest_route=\/wp\/v2\/pages"}],"about":[{"href":"https:\/\/lucid.lt\/index.php?rest_route=\/wp\/v2\/types\/page"}],"author":[{"embeddable":true,"href":"https:\/\/lucid.lt\/index.php?rest_route=\/wp\/v2\/users\/1"}],"replies":[{"embeddable":true,"href":"https:\/\/lucid.lt\/index.php?rest_route=%2Fwp%2Fv2%2Fcomments&post=97"}],"version-history":[{"count":8,"href":"https:\/\/lucid.lt\/index.php?rest_route=\/wp\/v2\/pages\/97\/revisions"}],"predecessor-version":[{"id":191,"href":"https:\/\/lucid.lt\/index.php?rest_route=\/wp\/v2\/pages\/97\/revisions\/191"}],"up":[{"embeddable":true,"href":"https:\/\/lucid.lt\/index.php?rest_route=\/wp\/v2\/pages\/46"}],"wp:attachment":[{"href":"https:\/\/lucid.lt\/index.php?rest_route=%2Fwp%2Fv2%2Fmedia&parent=97"}],"curies":[{"name":"wp","href":"https:\/\/api.w.org\/{rel}","templated":true}]}}