{"id":81,"date":"2021-06-22T16:58:56","date_gmt":"2021-06-22T13:58:56","guid":{"rendered":"http:\/\/lucid.lt\/?page_id=81"},"modified":"2021-07-09T14:57:16","modified_gmt":"2021-07-09T11:57:16","slug":"mild","status":"publish","type":"page","link":"https:\/\/lucid.lt\/?page_id=81","title":{"rendered":"MILD"},"content":{"rendered":"\n<div class=\"wp-block-image\"><figure class=\"alignright size-large\"><img loading=\"lazy\" decoding=\"async\" width=\"267\" height=\"427\" src=\"http:\/\/lucid.lt\/wp-content\/uploads\/2021\/07\/absolutvision-82TpEld0_e4-unsplash58.jpg\" alt=\"\" class=\"wp-image-250\" srcset=\"https:\/\/lucid.lt\/wp-content\/uploads\/2021\/07\/absolutvision-82TpEld0_e4-unsplash58.jpg 267w, https:\/\/lucid.lt\/wp-content\/uploads\/2021\/07\/absolutvision-82TpEld0_e4-unsplash58-188x300.jpg 188w\" sizes=\"auto, (max-width: 267px) 100vw, 267px\" \/><\/figure><\/div>\n\n\n\n<p>MILD (angl. Mnemonic Induction of Lucid Dreams) \u2013 mnemoninis s\u0105moning\u0173 sapn\u0173 iniciavimas \u2013 yra viena pa\u010di\u0173 \u017einomiausi\u0173 technik\u0173. J\u0105 suk\u016br\u0117 s\u0105moning\u0173 sapn\u0173 mokslini\u0173 tyrim\u0173 \u201ekrik\u0161tat\u0117vis\u201c Dr. Stephen LaBerge. Metodas yra paremtas perspektyvios atminties treniravimu &#8211; priminimu sau kit\u0105 kart\u0105 sapne atsiminti, kad sapnuojame.<\/p>\n\n\n\n<ol class=\"wp-block-list\" type=\"1\"><li>Spontani\u0161kai pabud\u0119 i\u0161 sapno anksti ryte (arba pasinaudoj\u0119\u00a0<a href=\"http:\/\/lucid.lt\/?page_id=85\" data-type=\"page\" data-id=\"85\">WBTB<\/a>), pabandykite prisiminti k\u0105 tik sapnuot\u0105 sapn\u0105 kiek galima i\u0161samiau. Raskite ka\u017ekok\u012f nelogi\u0161k\u0105 ar ne\u012fmanom\u0105 \u012fvyk\u012f, objekt\u0105 ar aplinkyb\u0119 sapne &#8211; sapno \u017eenkl\u0105 &#8211; kuris gal\u0117jo pad\u0117ti suprasti, kad tai yra sapnas.<\/li><li>Vizualizuokite save tame pa\u010diame sapne ir pasteb\u0117dami \u0161\u012f \u017eenkl\u0105 patapkite &#8222;s\u0105moningais&#8221;. Tada pabandykite \u012fsivaizduoti, k\u0105 b\u016btum\u0117te dar\u0119 toliau tame pa\u010diame sapne, jau b\u016bdami s\u0105moningi.<\/li><li>Mintyse sau kelet\u0105 kart\u0173 pakartokite: \u201eKit\u0105 kart\u0105, kai a\u0161 sapnuosiu, a\u0161 <em>prisiminsiu<\/em>, kad sapnuoju\u201c.<\/li><li>Kartokite 2 ir 3 \u017eingsnius iki pat u\u017emiegant.<\/li><\/ol>\n\n\n\n<p>Galb\u016bt kitame sapne i\u0161ties prisiminsite, jog sapnuojate ir patapsite s\u0105moningais!<\/p>\n\n\n\n<div style=\"height:10px\" aria-hidden=\"true\" class=\"wp-block-spacer\"><\/div>\n\n\n\n<hr class=\"wp-block-separator\"\/>\n\n\n\n<div class=\"wp-block-columns is-layout-flex wp-container-core-columns-is-layout-1 wp-block-columns-is-layout-flex\">\n<div class=\"wp-block-column is-layout-flow wp-block-column-is-layout-flow\" style=\"flex-basis:25%\">\n<figure class=\"wp-block-image size-large\"><img loading=\"lazy\" decoding=\"async\" width=\"220\" height=\"200\" src=\"http:\/\/lucid.lt\/wp-content\/uploads\/2021\/06\/mokslobarometras.png\" alt=\"\" class=\"wp-image-135\"\/><\/figure>\n<\/div>\n\n\n\n<div class=\"wp-block-column is-layout-flow wp-block-column-is-layout-flow\" style=\"flex-basis:66.66%\">\n<p><strong><span style=\"color:#984b43\" class=\"has-inline-color\">K\u0105 apie tai sako mokslas?<\/span><\/strong><\/p>\n\n\n\n<p><span style=\"color:#984b43\" class=\"has-inline-color\">MILD yra efektyvi s\u0105moningo sapnavimo technika, patikrinta eil\u0117je tyrim\u0173 <sup>[1]<\/sup>. Efektyviausia MILD yra kombinuoti su 1 val. trukm\u0117s WBTB <sup>[2]<\/sup>.<\/span><\/p>\n<\/div>\n<\/div>\n\n\n\n<p class=\"has-small-font-size\">[1] Stumbrys, T., Erlacher, D., Sch\u00e4dlich, M., &amp; Schredl, M. (2012). Induction of lucid dreams: A systematic review of evidence.\u00a0<em>Consciousness and Cognition, 21<\/em>(3), 1456-1475.\u00a0<a rel=\"noreferrer noopener\" href=\"https:\/\/doi.org\/10.1016\/j.concog.2012.07.003\" target=\"_blank\">https:\/\/doi.org\/10.1016\/j.concog.2012.07.003<\/a><\/p>\n\n\n\n<p class=\"has-small-font-size\">[2] Erlacher, D., &amp; Stumbrys, T. (2020). Wake up, work on dreams, back to bed and lucid dream: A sleep laboratory study. <em>Frontiers in Psychology, 11<\/em>, 1383. <a href=\"https:\/\/doi.org\/10.3389\/fpsyg.2020.01383\" target=\"_blank\" rel=\"noreferrer noopener\">https:\/\/doi.org\/10.3389\/fpsyg.2020.01383<\/a><\/p>\n","protected":false},"excerpt":{"rendered":"<p>MILD (angl. Mnemonic Induction of Lucid Dreams) \u2013 mnemoninis s\u0105moning\u0173 sapn\u0173 iniciavimas \u2013 yra viena pa\u010di\u0173 \u017einomiausi\u0173 technik\u0173. J\u0105 suk\u016br\u0117 s\u0105moning\u0173 sapn\u0173 mokslini\u0173 tyrim\u0173 \u201ekrik\u0161tat\u0117vis\u201c Dr. Stephen LaBerge. Metodas yra paremtas perspektyvios atminties treniravimu &#8211; priminimu sau kit\u0105 kart\u0105 sapne atsiminti, kad sapnuojame. Spontani\u0161kai pabud\u0119 i\u0161 sapno anksti ryte (arba pasinaudoj\u0119\u00a0WBTB), pabandykite prisiminti k\u0105 tik<br \/><a class=\"moretag\" href=\"https:\/\/lucid.lt\/?page_id=81\">+ Read More<\/a><\/p>\n","protected":false},"author":1,"featured_media":0,"parent":49,"menu_order":4,"comment_status":"closed","ping_status":"closed","template":"template_parts\/page-fullwidth_template.php","meta":{"footnotes":""},"class_list":["post-81","page","type-page","status-publish","hentry"],"_links":{"self":[{"href":"https:\/\/lucid.lt\/index.php?rest_route=\/wp\/v2\/pages\/81","targetHints":{"allow":["GET"]}}],"collection":[{"href":"https:\/\/lucid.lt\/index.php?rest_route=\/wp\/v2\/pages"}],"about":[{"href":"https:\/\/lucid.lt\/index.php?rest_route=\/wp\/v2\/types\/page"}],"author":[{"embeddable":true,"href":"https:\/\/lucid.lt\/index.php?rest_route=\/wp\/v2\/users\/1"}],"replies":[{"embeddable":true,"href":"https:\/\/lucid.lt\/index.php?rest_route=%2Fwp%2Fv2%2Fcomments&post=81"}],"version-history":[{"count":4,"href":"https:\/\/lucid.lt\/index.php?rest_route=\/wp\/v2\/pages\/81\/revisions"}],"predecessor-version":[{"id":253,"href":"https:\/\/lucid.lt\/index.php?rest_route=\/wp\/v2\/pages\/81\/revisions\/253"}],"up":[{"embeddable":true,"href":"https:\/\/lucid.lt\/index.php?rest_route=\/wp\/v2\/pages\/49"}],"wp:attachment":[{"href":"https:\/\/lucid.lt\/index.php?rest_route=%2Fwp%2Fv2%2Fmedia&parent=81"}],"curies":[{"name":"wp","href":"https:\/\/api.w.org\/{rel}","templated":true}]}}