{"id":57,"date":"2021-06-22T15:58:44","date_gmt":"2021-06-22T12:58:44","guid":{"rendered":"http:\/\/lucid.lt\/?page_id=57"},"modified":"2021-06-22T16:38:35","modified_gmt":"2021-06-22T13:38:35","slug":"apie","status":"publish","type":"page","link":"https:\/\/lucid.lt\/?page_id=57","title":{"rendered":"Apie"},"content":{"rendered":"\n<p>Pagrindinis <strong>lucid.lt<\/strong> tikslas \u2013 supa\u017eindinti pla\u010di\u0105j\u0105 visuomen\u0119 su s\u0105moningais sapnais, skatinti informacijos apie s\u0105moningus sapnus sklaid\u0105 ir sukurti tarpusavio bendravimo terp\u0119 \u017emon\u0117ms, besidomintiems s\u0105moningais sapnais, s\u0105moningai sapnuojan\u010diais ir norin\u010diais to i\u0161mokti. Tinklapyje stengiamasi pateikti objektyvi\u0105, mokslo faktais paremt\u0105 informacij\u0105.<\/p>\n\n\n\n<p>Tai nekomercinis, laisvanori\u0161kais pagrindais kuriamas projektas, prie kurio prisid\u0117ti kvie\u010diami visi norintys! Jeigu pasteb\u0117jote klaid\u0173 ar turite pasi\u016blym\u0173\/pageidavim\u0173, b\u016bsime labai laimingi, jeigu su mumis susisieksite: <a href=\"mailto:info@lucid.lt\"><strong>info@lucid.lt<\/strong><\/a><\/p>\n","protected":false},"excerpt":{"rendered":"<p>Pagrindinis lucid.lt tikslas \u2013 supa\u017eindinti pla\u010di\u0105j\u0105 visuomen\u0119 su s\u0105moningais sapnais, skatinti informacijos apie s\u0105moningus sapnus sklaid\u0105 ir sukurti tarpusavio bendravimo terp\u0119 \u017emon\u0117ms, besidomintiems s\u0105moningais sapnais, s\u0105moningai sapnuojan\u010diais ir norin\u010diais to i\u0161mokti. Tinklapyje stengiamasi pateikti objektyvi\u0105, mokslo faktais paremt\u0105 informacij\u0105. Tai nekomercinis, laisvanori\u0161kais pagrindais kuriamas projektas, prie kurio prisid\u0117ti kvie\u010diami visi norintys! Jeigu pasteb\u0117jote klaid\u0173 ar<br \/><a class=\"moretag\" href=\"https:\/\/lucid.lt\/?page_id=57\">+ Read More<\/a><\/p>\n","protected":false},"author":1,"featured_media":0,"parent":0,"menu_order":5,"comment_status":"closed","ping_status":"closed","template":"template_parts\/page-fullwidth_template.php","meta":{"footnotes":""},"class_list":["post-57","page","type-page","status-publish","hentry"],"_links":{"self":[{"href":"https:\/\/lucid.lt\/index.php?rest_route=\/wp\/v2\/pages\/57","targetHints":{"allow":["GET"]}}],"collection":[{"href":"https:\/\/lucid.lt\/index.php?rest_route=\/wp\/v2\/pages"}],"about":[{"href":"https:\/\/lucid.lt\/index.php?rest_route=\/wp\/v2\/types\/page"}],"author":[{"embeddable":true,"href":"https:\/\/lucid.lt\/index.php?rest_route=\/wp\/v2\/users\/1"}],"replies":[{"embeddable":true,"href":"https:\/\/lucid.lt\/index.php?rest_route=%2Fwp%2Fv2%2Fcomments&post=57"}],"version-history":[{"count":2,"href":"https:\/\/lucid.lt\/index.php?rest_route=\/wp\/v2\/pages\/57\/revisions"}],"predecessor-version":[{"id":65,"href":"https:\/\/lucid.lt\/index.php?rest_route=\/wp\/v2\/pages\/57\/revisions\/65"}],"wp:attachment":[{"href":"https:\/\/lucid.lt\/index.php?rest_route=%2Fwp%2Fv2%2Fmedia&parent=57"}],"curies":[{"name":"wp","href":"https:\/\/api.w.org\/{rel}","templated":true}]}}