{"id":117,"date":"2021-06-22T17:36:10","date_gmt":"2021-06-22T14:36:10","guid":{"rendered":"http:\/\/lucid.lt\/?page_id=117"},"modified":"2021-06-22T17:38:40","modified_gmt":"2021-06-22T14:38:40","slug":"isejimas-is-kuno-obe","status":"publish","type":"page","link":"https:\/\/lucid.lt\/?page_id=117","title":{"rendered":"I\u0161\u0117jimas i\u0161 k\u016bno (OBE)"},"content":{"rendered":"\n<p>I\u0161\u0117jimas i\u0161 k\u016bno (angl. Out-of-Body Eperience, OBE) \u2013 potyris, kurio metu \u017emogus jau\u010dia atsiskiriantis nuo savo fizinio k\u016bno (paprastai pakylantis auk\u0161tyn) ir mato savo k\u016bn\u0105 per atstum\u0105 (paprastai \u2013 gulint\u012f lovoje). Poj\u016b\u010diai, patiriami i\u0161\u0117jimo i\u0161 k\u016bno metu, primena poj\u016b\u010dius patiriamus <a href=\"http:\/\/lucid.lt\/technikos\/wild\/\">WILD<\/a> metu, tod\u0117l kai kurie tyr\u0117jai mano, kad OBE ir s\u0105moningas sapnavimas yra vienas ir tas pats (s\u0105moningi sapnai, ypa\u010d naudojant <a href=\"http:\/\/lucid.lt\/technikos\/wild\/\">WILD<\/a>, irgi labai da\u017enai prasideda atsikeliant i\u0161 lovos, kurioje miegama). Ta\u010diau yra ir manan\u010di\u0173, jog nepaisant pana\u0161um\u0173, tai yra dvi skirtingos patirtys. Labiau ezoterin\u0117s teorijos teigia, jog OBE metu siela i\u0161 ties\u0173 atsiskiria nuo k\u016bno ir i\u0161keliauja \u012f \u201eastralin\u0119 kelion\u0119\u201c po kitus pasaulius. OBE taip pat da\u017enai \u012fvyksta prie\u0161mirtini\u0173 i\u0161gyvenim\u0173 (angl. near-death experience, NDE) metu, t.y. \u017emon\u0117ms, i\u0161tiktiems klinikin\u0117s mirties.<\/p>\n","protected":false},"excerpt":{"rendered":"<p>I\u0161\u0117jimas i\u0161 k\u016bno (angl. Out-of-Body Eperience, OBE) \u2013 potyris, kurio metu \u017emogus jau\u010dia atsiskiriantis nuo savo fizinio k\u016bno (paprastai pakylantis auk\u0161tyn) ir mato savo k\u016bn\u0105 per atstum\u0105 (paprastai \u2013 gulint\u012f lovoje). Poj\u016b\u010diai, patiriami i\u0161\u0117jimo i\u0161 k\u016bno metu, primena poj\u016b\u010dius patiriamus WILD metu, tod\u0117l kai kurie tyr\u0117jai mano, kad OBE ir s\u0105moningas sapnavimas yra vienas ir<br \/><a class=\"moretag\" href=\"https:\/\/lucid.lt\/?page_id=117\">+ Read More<\/a><\/p>\n","protected":false},"author":1,"featured_media":0,"parent":55,"menu_order":5,"comment_status":"closed","ping_status":"closed","template":"template_parts\/page-fullwidth_template.php","meta":{"footnotes":""},"class_list":["post-117","page","type-page","status-publish","hentry"],"_links":{"self":[{"href":"https:\/\/lucid.lt\/index.php?rest_route=\/wp\/v2\/pages\/117","targetHints":{"allow":["GET"]}}],"collection":[{"href":"https:\/\/lucid.lt\/index.php?rest_route=\/wp\/v2\/pages"}],"about":[{"href":"https:\/\/lucid.lt\/index.php?rest_route=\/wp\/v2\/types\/page"}],"author":[{"embeddable":true,"href":"https:\/\/lucid.lt\/index.php?rest_route=\/wp\/v2\/users\/1"}],"replies":[{"embeddable":true,"href":"https:\/\/lucid.lt\/index.php?rest_route=%2Fwp%2Fv2%2Fcomments&post=117"}],"version-history":[{"count":1,"href":"https:\/\/lucid.lt\/index.php?rest_route=\/wp\/v2\/pages\/117\/revisions"}],"predecessor-version":[{"id":118,"href":"https:\/\/lucid.lt\/index.php?rest_route=\/wp\/v2\/pages\/117\/revisions\/118"}],"up":[{"embeddable":true,"href":"https:\/\/lucid.lt\/index.php?rest_route=\/wp\/v2\/pages\/55"}],"wp:attachment":[{"href":"https:\/\/lucid.lt\/index.php?rest_route=%2Fwp%2Fv2%2Fmedia&parent=117"}],"curies":[{"name":"wp","href":"https:\/\/api.w.org\/{rel}","templated":true}]}}