{"id":115,"date":"2021-06-22T17:35:42","date_gmt":"2021-06-22T14:35:42","guid":{"rendered":"http:\/\/lucid.lt\/?page_id=115"},"modified":"2021-06-22T17:38:17","modified_gmt":"2021-06-22T14:38:17","slug":"klaidingi-pabudimai","status":"publish","type":"page","link":"https:\/\/lucid.lt\/?page_id=115","title":{"rendered":"Klaidingi pabudimai"},"content":{"rendered":"\n<p>Klaidingi pabudimai (angl. false awakenings) \u2013 tai labai ry\u0161kus sapnas apie atsibudim\u0105 ryte. Klaidingai atsibud\u0119s, \u017emogus pradeda \u012fprastin\u0119 savo rutin\u0105 \u2013 nueina \u012f tualet\u0105, nusiprausia, papusry\u010diauja, i\u0161siruo\u0161ia \u012f darb\u0105 ir t.t. \u2013 ir\u2026 atsibunda dar kart\u0105 \ud83d\ude42 Galb\u016bt \u0161\u012f kart\u0105 i\u0161 tikr\u0173j\u0173, o galb\u016bt \u2013 v\u0117l klaidingai (galimos ir klaiding\u0173 atsibudim\u0173 \u201eserijos\u201c). Klaidingi pabudimai yra tampriai susij\u0119 su s\u0105moningu sapnavimu \u2013 s\u0105moningai sapnuojantiems jie tampa vis da\u017enesni. D\u0117l \u0161ios prie\u017easties klaidingi pabudimai gali b\u016bti puikus trigeris s\u0105moningiems sapnams \u2013 juos patiriant da\u017enai, kiekvien\u0105 kart\u0105 pabudus, pravartu atlikti <a href=\"http:\/\/lucid.lt\/technikos\/realybes-tikrinimas\/\">realyb\u0117s test\u0105<\/a> \ud83d\ude42<\/p>\n","protected":false},"excerpt":{"rendered":"<p>Klaidingi pabudimai (angl. false awakenings) \u2013 tai labai ry\u0161kus sapnas apie atsibudim\u0105 ryte. Klaidingai atsibud\u0119s, \u017emogus pradeda \u012fprastin\u0119 savo rutin\u0105 \u2013 nueina \u012f tualet\u0105, nusiprausia, papusry\u010diauja, i\u0161siruo\u0161ia \u012f darb\u0105 ir t.t. \u2013 ir\u2026 atsibunda dar kart\u0105 \ud83d\ude42 Galb\u016bt \u0161\u012f kart\u0105 i\u0161 tikr\u0173j\u0173, o galb\u016bt \u2013 v\u0117l klaidingai (galimos ir klaiding\u0173 atsibudim\u0173 \u201eserijos\u201c). Klaidingi pabudimai yra<br \/><a class=\"moretag\" href=\"https:\/\/lucid.lt\/?page_id=115\">+ Read More<\/a><\/p>\n","protected":false},"author":1,"featured_media":0,"parent":55,"menu_order":4,"comment_status":"closed","ping_status":"closed","template":"template_parts\/page-fullwidth_template.php","meta":{"footnotes":""},"class_list":["post-115","page","type-page","status-publish","hentry"],"_links":{"self":[{"href":"https:\/\/lucid.lt\/index.php?rest_route=\/wp\/v2\/pages\/115","targetHints":{"allow":["GET"]}}],"collection":[{"href":"https:\/\/lucid.lt\/index.php?rest_route=\/wp\/v2\/pages"}],"about":[{"href":"https:\/\/lucid.lt\/index.php?rest_route=\/wp\/v2\/types\/page"}],"author":[{"embeddable":true,"href":"https:\/\/lucid.lt\/index.php?rest_route=\/wp\/v2\/users\/1"}],"replies":[{"embeddable":true,"href":"https:\/\/lucid.lt\/index.php?rest_route=%2Fwp%2Fv2%2Fcomments&post=115"}],"version-history":[{"count":1,"href":"https:\/\/lucid.lt\/index.php?rest_route=\/wp\/v2\/pages\/115\/revisions"}],"predecessor-version":[{"id":116,"href":"https:\/\/lucid.lt\/index.php?rest_route=\/wp\/v2\/pages\/115\/revisions\/116"}],"up":[{"embeddable":true,"href":"https:\/\/lucid.lt\/index.php?rest_route=\/wp\/v2\/pages\/55"}],"wp:attachment":[{"href":"https:\/\/lucid.lt\/index.php?rest_route=%2Fwp%2Fv2%2Fmedia&parent=115"}],"curies":[{"name":"wp","href":"https:\/\/api.w.org\/{rel}","templated":true}]}}