{"id":105,"date":"2021-06-22T17:14:21","date_gmt":"2021-06-22T14:14:21","guid":{"rendered":"http:\/\/lucid.lt\/?page_id=105"},"modified":"2021-06-23T18:34:26","modified_gmt":"2021-06-23T15:34:26","slug":"dvasinis-augimas","status":"publish","type":"page","link":"https:\/\/lucid.lt\/?page_id=105","title":{"rendered":"Dvasinis augimas"},"content":{"rendered":"\n<div class=\"wp-block-image\"><figure class=\"alignright size-large is-resized\"><img loading=\"lazy\" decoding=\"async\" src=\"http:\/\/lucid.lt\/wp-content\/uploads\/2021\/06\/moodywalk-lYHp4RcJNcY-unsplash.jpg\" alt=\"\" class=\"wp-image-215\" width=\"320\" height=\"481\" srcset=\"https:\/\/lucid.lt\/wp-content\/uploads\/2021\/06\/moodywalk-lYHp4RcJNcY-unsplash.jpg 640w, https:\/\/lucid.lt\/wp-content\/uploads\/2021\/06\/moodywalk-lYHp4RcJNcY-unsplash-200x300.jpg 200w\" sizes=\"auto, (max-width: 320px) 100vw, 320px\" \/><\/figure><\/div>\n\n\n\n<p>S\u0105moningi sapnai yra ypatinga patirtis pati savaime, po kurios nema\u017eai \u017emoni\u0173 pabud\u0119 \u012f pasaul\u012f aplinkui pradeda \u017ei\u016br\u0117ti kiek kitaip. Sapnuose pasaulis yra ne ma\u017eiau realus nei tikrasis. Tad galb\u016bt ir tikrasis pasaulis t\u0117ra iliuzija, maja, kaip kad yra kalbama Ryt\u0173 filosofijose? Patapus s\u0105moningu sapne, sapnas akimirksniu pasikei\u010dia kokybi\u0161kai \u2013 visi poj\u016b\u010diai, spalvos staiga i\u0161ry\u0161k\u0117ja ir viskas \u012fgauna kit\u0105, daug gilesn\u0119 prasm\u0119. Tad galb\u016bt pana\u0161iai yra ir patapus s\u0105moningu realiame gyvenime? Gal b\u016btent tai ir yra tas taip vadinamas nu\u0161vitimas?<\/p>\n\n\n\n<p>Nesvarbu, kuo j\u016bs tikite ar kokios yra j\u016bs\u0173 religin\u0117s pa\u017ei\u016bros, s\u0105moningi sapnai gali b\u016bti nepamainoma terp\u0117 j\u016bs\u0173 dvasiniams ie\u0161kojimams. \u010cia j\u016bs galite atsakymus \u012f egzistencinius klausimus gauti i\u0161 bet kuri\u0173 autoritet\u0173 \u2013 J\u0117zaus Kristaus, Budos, galop paties Dievo! Dvasin\u0117s praktikos, pvz., meditacija, s\u0105moninguose sapnuose yra i\u0161ties galingos ir gali jus akimirksniu pakyl\u0117ti \u012f visai kit\u0105 lygmen\u012f. O galb\u016bt norite patirti Diev\u0105, nirvan\u0105, vienov\u0119 su Visata, susilieti su Auk\u0161\u010diausia J\u0117ga? Patirkite tai! Galite netgi i\u0161gyventi savo mirt\u012f ir atgimti, patirti auk\u0161\u010diausi\u0105 vidin\u0119 transformacij\u0105. S\u0105moningi sapnai yra unikali erdv\u0117 j\u016bs\u0173 dvasiniam augimui.<\/p>\n\n\n\n<div style=\"height:10px\" aria-hidden=\"true\" class=\"wp-block-spacer\"><\/div>\n\n\n\n<hr class=\"wp-block-separator\"\/>\n\n\n\n<div class=\"wp-block-columns is-layout-flex wp-container-core-columns-is-layout-1 wp-block-columns-is-layout-flex\">\n<div class=\"wp-block-column is-layout-flow wp-block-column-is-layout-flow\" style=\"flex-basis:25%\">\n<figure class=\"wp-block-image size-large\"><img loading=\"lazy\" decoding=\"async\" width=\"220\" height=\"200\" src=\"http:\/\/lucid.lt\/wp-content\/uploads\/2021\/06\/mokslobarometras.png\" alt=\"\" class=\"wp-image-135\"\/><\/figure>\n<\/div>\n\n\n\n<div class=\"wp-block-column is-layout-flow wp-block-column-is-layout-flow\" style=\"flex-basis:66.66%\">\n<p><strong><span style=\"color:#984b43\" class=\"has-inline-color\">K\u0105 apie tai sako mokslas?<\/span><\/strong><\/p>\n\n\n\n<p><span style=\"color:#984b43\" class=\"has-inline-color\">S\u0105moningi sapnuotojai savo sapnuose gali patirti susilietim\u0105 su dievi\u0161kumu <sup>[1]<\/sup>, taip pat kitas dvasines\/mistines patirtis, tokias kaip nedual\u0173 suvokim\u0105 ar kundalini energijos pabudim\u0105 <sup>[2]<\/sup>. <\/span><\/p>\n<\/div>\n<\/div>\n\n\n\n<p class=\"has-small-font-size\">[1] Bogzaran, F. (1990). Experiencing the Divine in the lucid dream state. <em>Lucidity Letter, 9<\/em>(1), 169\u2013176.<\/p>\n\n\n\n<p class=\"has-small-font-size\">[2] Esser, T. (2014). Kundalini and non-duality in the lucid dreaming state. In R. Hurd &amp; K. Bulkeley (Eds.), <em>Lucid Dreaming: New Perspectives on Consciousness in Sleep<\/em> (Vol. 2, pp. 233\u2013263). Praeger.<\/p>\n","protected":false},"excerpt":{"rendered":"<p>S\u0105moningi sapnai yra ypatinga patirtis pati savaime, po kurios nema\u017eai \u017emoni\u0173 pabud\u0119 \u012f pasaul\u012f aplinkui pradeda \u017ei\u016br\u0117ti kiek kitaip. Sapnuose pasaulis yra ne ma\u017eiau realus nei tikrasis. Tad galb\u016bt ir tikrasis pasaulis t\u0117ra iliuzija, maja, kaip kad yra kalbama Ryt\u0173 filosofijose? Patapus s\u0105moningu sapne, sapnas akimirksniu pasikei\u010dia kokybi\u0161kai \u2013 visi poj\u016b\u010diai, spalvos staiga i\u0161ry\u0161k\u0117ja ir<br \/><a class=\"moretag\" href=\"https:\/\/lucid.lt\/?page_id=105\">+ Read More<\/a><\/p>\n","protected":false},"author":1,"featured_media":0,"parent":46,"menu_order":8,"comment_status":"closed","ping_status":"closed","template":"template_parts\/page-fullwidth_template.php","meta":{"footnotes":""},"class_list":["post-105","page","type-page","status-publish","hentry"],"_links":{"self":[{"href":"https:\/\/lucid.lt\/index.php?rest_route=\/wp\/v2\/pages\/105","targetHints":{"allow":["GET"]}}],"collection":[{"href":"https:\/\/lucid.lt\/index.php?rest_route=\/wp\/v2\/pages"}],"about":[{"href":"https:\/\/lucid.lt\/index.php?rest_route=\/wp\/v2\/types\/page"}],"author":[{"embeddable":true,"href":"https:\/\/lucid.lt\/index.php?rest_route=\/wp\/v2\/users\/1"}],"replies":[{"embeddable":true,"href":"https:\/\/lucid.lt\/index.php?rest_route=%2Fwp%2Fv2%2Fcomments&post=105"}],"version-history":[{"count":5,"href":"https:\/\/lucid.lt\/index.php?rest_route=\/wp\/v2\/pages\/105\/revisions"}],"predecessor-version":[{"id":219,"href":"https:\/\/lucid.lt\/index.php?rest_route=\/wp\/v2\/pages\/105\/revisions\/219"}],"up":[{"embeddable":true,"href":"https:\/\/lucid.lt\/index.php?rest_route=\/wp\/v2\/pages\/46"}],"wp:attachment":[{"href":"https:\/\/lucid.lt\/index.php?rest_route=%2Fwp%2Fv2%2Fmedia&parent=105"}],"curies":[{"name":"wp","href":"https:\/\/api.w.org\/{rel}","templated":true}]}}